{"id":110,"date":"2010-03-22T13:52:29","date_gmt":"2010-03-22T12:52:29","guid":{"rendered":"http:\/\/papershoe.de\/wordpress\/?page_id=110"},"modified":"2025-09-30T18:33:33","modified_gmt":"2025-09-30T16:33:33","slug":"impressum","status":"publish","type":"page","link":"https:\/\/papershoe.de\/?page_id=110","title":{"rendered":"Impressum"},"content":{"rendered":"<p><em>Gem\u00e4\u00df \u00a7 28 BDSG widerspreche ich jeder kommerziellen Verwendung und Weitergabe meiner Daten.<\/em><\/p>\n<p><strong>Verantwortungsbereich:<\/strong><br \/>\nDas Impressum gilt nur f\u00fcr die Internetpr\u00e4senz unter der Adresse: <a href=\"https:\/\/papershoe.de\">https:\/\/papershoe.de<\/a> (auch zu erreichen unter <a href=\"https:\/\/www.papershoe.de\">https:\/\/www.papershoe.de<\/a>)<\/p>\n<p><strong>Abgrenzung<\/strong>: Die Web-Pr\u00e4senz ist Teil des WWW und dementsprechend mit fremden, sich jederzeit wandeln k\u00f6nnenden Web-Sites verkn\u00fcpft, die folglich auch nicht diesem Verantwortungsbereich unterliegen und f\u00fcr die nachfolgende Informationen nicht gelten.<\/p>\n<p><em>Verantwortliche Ansprechperson:<\/em> C. Kerr<br \/>\n<em>Anschrift:<\/em><br \/>\nBlumengasse 2<br \/>\n99425 Weimar<\/p>\n<p><em>Elektronische Postadresse:<\/em> caro[at]papershoe.de<br \/>\n<em>Zweck dieses Webprojektes:<\/em> Freizeitgestaltung<br \/>\n<em>Journalistisch-redaktionelle Verantwortung<\/em>: C. Kerr<\/p>\n<p><strong>Urheberschutz und Nutzung:<\/strong><br \/>\nDer Urheber r\u00e4umt Ihnen ganz konkret das Nutzungsrecht ein, sich eine private Kopie f\u00fcr pers\u00f6nliche Zwecke anzufertigen.<br \/>\nNicht berechtigt sind Sie dagegen, die Materialien zu ver\u00e4ndern und \/oder weiter zu geben oder gar selbst zu ver\u00f6ffentlichen.<br \/>\nWenn nicht ausdr\u00fccklich anders vermerkt, liegen die Urheberrechte f\u00fcr Texte bei: C. Kerr.<\/p>\n<p>Die Grafiken\/Bilder und Illustrationen unterliegen &#8211; wenn nicht anders gekennzeichnet &#8211; den Urheberrechten von C. Kerr. Sollten Grafiken\/Bilder und Illustrationen von anderen Partiein ver\u00f6ffentlicht wurden sein, sind diese als solche gekennzeichnet (siehe unter \u201c<a title=\"Links\/Affiliation\" href=\"http:\/\/papershoe.de\/?page_id=82\">Credits<\/a>\u201d oder unter dem jeweiligen Bild)<\/p>\n<p><strong>Keine Haftung:<\/strong><br \/>\nDie Inhalte dieses Webprojektes wurden sorgf\u00e4ltig gepr\u00fcft und nach bestem Wissen erstellt. F\u00fcr die hier dargebotenen Informationen wird jedoch kein Anspruch auf Vollst\u00e4ndigkeit, Aktualit\u00e4t, Qualit\u00e4t und Richtigkeit erhoben.<\/p>\n<p>Es kann keine Verantwortung f\u00fcr Sch\u00e4den \u00fcbernommen werden, die durch das Vertrauen auf die Inhalte dieser Website oder deren Gebrauch entstehen.<\/p>\n<p><strong>Schutzrechtsverletzung:<\/strong><br \/>\nFalls Sie vermuten, dass von dieser Website aus eines Ihrer Schutzrechte verletzt wird, teilen Sie das bitte umgehend per elektronischer Post mit, damit z\u00fcgig Abhilfe geschafft werden kann. Bitte nehmen Sie zur Kenntnis:<br \/>\nDie zeitaufw\u00e4ndigere Einschaltung eines Anwaltes zur f\u00fcr den Diensteanbieter kostenpflichtigen Abmahnung entspricht nicht dessen wirklichen oder mutma\u00dflichen Willen.<\/p>\n<h1>Disclaimer<\/h1>\n<p><strong>Haftung f\u00fcr Inhalte<\/strong><\/p>\n<p>Die Inhalte unserer Seiten wurden mit gr\u00f6\u00dfter Sorgfalt erstellt.<br \/>\nF\u00fcr die Richtigkeit, Vollst\u00e4ndigkeit und Aktualit\u00e4t der Inhalte k\u00f6nnen wir jedoch keine Gew\u00e4hr \u00fcbernehmen.<br \/>\nAls Diensteanbieter sind wir gem\u00e4\u00df \u00a7 7 Abs.1 TMG f\u00fcr eigene Inhalte auf diesen Seiten nach den allgemeinen Gesetzen verantwortlich.<br \/>\nNach \u00a7\u00a7 8 bis 10 TMG sind wir als Diensteanbieter jedoch nicht verpflichtet, \u00fcbermittelte oder gespeicherte fremde Informationen zu \u00fcberwachen oder nach Umst\u00e4nden zu forschen, die auf eine rechtswidrige T\u00e4tigkeit hinweisen. Verpflichtungen zur Entfernung oder Sperrung der Nutzung von Informationen nach den allgemeinen Gesetzen bleiben hiervon unber\u00fchrt. Eine diesbez\u00fcgliche Haftung ist jedoch erst ab dem Zeitpunkt der Kenntnis einer konkreten Rechtsverletzung m\u00f6glich. Bei Bekanntwerden von entsprechenden Rechtsverletzungen werden wir diese Inhalte umgehend entfernen.<\/p>\n<p><strong>Haftung f\u00fcr Links<\/strong><\/p>\n<p>Unser Angebot enth\u00e4lt Links zu externen Webseiten Dritter, auf deren Inhalte wir keinen Einfluss haben. Deshalb k\u00f6nnen wir f\u00fcr diese fremden Inhalte auch keine Gew\u00e4hr \u00fcbernehmen. F\u00fcr die Inhalte der verlinkten Seiten ist stets der jeweilige Anbieter oder Betreiber der Seiten verantwortlich. Die verlinkten Seiten wurden zum Zeitpunkt der Verlinkung auf m\u00f6gliche Rechtsverst\u00f6\u00dfe \u00fcberpr\u00fcft. Rechtswidrige Inhalte waren zum Zeitpunkt der Verlinkung nicht erkennbar. Eine permanente inhaltliche Kontrolle der verlinkten Seiten ist jedoch ohne konkrete Anhaltspunkte einer Rechtsverletzung nicht zumutbar. Bei Bekanntwerden von Rechtsverletzungen werden wir derartige Links umgehend entfernen.<\/p>\n<p><strong>Urheberrecht<\/strong><\/p>\n<p>Die durch die Seitenbetreiber erstellten Inhalte und Werke auf diesen Seiten unterliegen dem deutschen Urheberrecht. Beitr\u00e4ge Dritter sind als solche gekennzeichnet. Die Vervielf\u00e4ltigung, Bearbeitung, Verbreitung und jede Art der Verwertung au\u00dferhalb der Grenzen des Urheberrechtes bed\u00fcrfen der schriftlichen Zustimmung des jeweiligen Autors bzw. Erstellers. Downloads und Kopien dieser Seite sind nur f\u00fcr den privaten, nicht kommerziellen Gebrauch gestattet.<\/p>\n<p>Die Betreiber der Seiten sind bem\u00fcht, stets die Urheberrechte anderer zu beachten bzw. auf selbst erstellte sowie lizenzfreie Werke zur\u00fcckzugreifen.<\/p>\n<p><strong>Datenschutz<\/strong><br \/>\nSoweit auf unseren Seiten personenbezogene Daten (beispielsweise Name, Anschrift oder eMail-Adressen) erhoben werden, erfolgt dies soweit m\u00f6glich stets auf freiwilliger Basis. Die Nutzung der Angebote und Dienste ist, soweit m\u00f6glich, stets ohne Angabe personenbezogener Daten m\u00f6glich.<\/p>\n<p>Wir weisen darauf hin, dass die Daten\u00fcbertragung im Internet (z.B. bei der Kommunikation per E-Mail) Sicherheitsl\u00fccken aufweisen kann. Ein l\u00fcckenloser Schutz der Daten vor dem Zugriff durch Dritte ist nicht m\u00f6glich.<br \/>\nDer Nutzung von im Rahmen der Impressumspflicht ver\u00f6ffentlichten Kontaktdaten durch Dritte zur \u00dcbersendung von nicht ausdr\u00fccklich angeforderter Werbung und Informationsmaterialien wird hiermit ausdr\u00fccklich widersprochen. Die Betreiber der Seiten behalten sich ausdr\u00fccklich rechtliche Schritte im Falle der unverlangten Zusendung von Werbeinformationen, etwa durch Spam-Mails, vor.<\/p>\n<p>F\u00fcr die Vollst\u00e4ndige Datenschutzerkl\u00e4rung klicken Sie bitte <a href=\"https:\/\/papershoe.de\/?page_id=1665\">hier<\/a>!<\/p>\n<p>Quelle: <a href=\"http:\/\/www.e-recht24.de\">Disclaimer<\/a> von eRecht24.de &#8211;<br \/>\n<a href=\"http:\/\/www.e-recht24.de\">Rechtsberatung<\/a> von RA S\u00f6ren Siebert<span style=\"border-radius: 2px; text-indent: 20px; width: auto; padding: 0px 4px 0px 0px; text-align: center; font: bold 11px\/20px 'Helvetica Neue',Helvetica,sans-serif; color: #ffffff; background: #bd081c  no-repeat scroll 3px 50% \/ 14px 14px; position: absolute; opacity: 1; z-index: 8675309; display: none; cursor: pointer;\">Merken<\/span><\/p>\n","protected":false},"excerpt":{"rendered":"<p>Gem\u00e4\u00df \u00a7 28 BDSG widerspreche ich jeder kommerziellen Verwendung und Weitergabe meiner Daten. Verantwortungsbereich: Das Impressum gilt nur f\u00fcr die Internetpr\u00e4senz unter der Adresse: https:\/\/papershoe.de (auch zu erreichen unter https:\/\/www.papershoe.de) Abgrenzung: Die Web-Pr\u00e4senz ist Teil des WWW und dementsprechend mit fremden, sich jederzeit wandeln k\u00f6nnenden Web-Sites verkn\u00fcpft, die folglich auch nicht diesem Verantwortungsbereich unterliegen und &hellip; <a href=\"https:\/\/papershoe.de\/?page_id=110\" class=\"more-link\"><span class=\"screen-reader-text\">\u201eImpressum\u201c <\/span>weiterlesen<\/a><\/p>\n","protected":false},"author":1,"featured_media":0,"parent":0,"menu_order":6,"comment_status":"open","ping_status":"closed","template":"","meta":{"footnotes":""},"class_list":["post-110","page","type-page","status-publish","hentry"],"_links":{"self":[{"href":"https:\/\/papershoe.de\/index.php?rest_route=\/wp\/v2\/pages\/110","targetHints":{"allow":["GET"]}}],"collection":[{"href":"https:\/\/papershoe.de\/index.php?rest_route=\/wp\/v2\/pages"}],"about":[{"href":"https:\/\/papershoe.de\/index.php?rest_route=\/wp\/v2\/types\/page"}],"author":[{"embeddable":true,"href":"https:\/\/papershoe.de\/index.php?rest_route=\/wp\/v2\/users\/1"}],"replies":[{"embeddable":true,"href":"https:\/\/papershoe.de\/index.php?rest_route=%2Fwp%2Fv2%2Fcomments&post=110"}],"version-history":[{"count":6,"href":"https:\/\/papershoe.de\/index.php?rest_route=\/wp\/v2\/pages\/110\/revisions"}],"predecessor-version":[{"id":2038,"href":"https:\/\/papershoe.de\/index.php?rest_route=\/wp\/v2\/pages\/110\/revisions\/2038"}],"wp:attachment":[{"href":"https:\/\/papershoe.de\/index.php?rest_route=%2Fwp%2Fv2%2Fmedia&parent=110"}],"curies":[{"name":"wp","href":"https:\/\/api.w.org\/{rel}","templated":true}]}}