{"id":83,"date":"2010-03-22T01:18:39","date_gmt":"2010-03-22T00:18:39","guid":{"rendered":"http:\/\/papershoe.de\/wordpress\/?page_id=82"},"modified":"2026-04-05T18:58:23","modified_gmt":"2026-04-05T16:58:23","slug":"linksaffiliation","status":"publish","type":"page","link":"https:\/\/papershoe.de\/?page_id=83","title":{"rendered":"Links \/ Credits"},"content":{"rendered":"<p><strong>Lieblinge:<\/strong><\/p>\n<p><a href=\"https:\/\/www.vielleichtaberdoch.de\/\"><img loading=\"lazy\" decoding=\"async\" class=\"wp-image-1705 size-full alignleft\" src=\"https:\/\/papershoe.de\/wordpress\/wp-content\/uploads\/2020\/12\/ViellAberDoch.jpg\" alt=\"\" width=\"100\" height=\"50\" \/><\/a>Lara l\u00e4sst uns auf vielleichtaberdoch an ihrem Leben teilhaben und stellt nebenbei sch\u00f6ne DIY Projekte vor. Au\u00dferdem gibts bei ihr auch viel \u00fcber Literatur zu lesen. Bald kommen auch Interviews mit kreativen K\u00f6pfen dazu. Spannend!<\/p>\n<p style=\"text-align: left;\"><a href=\"https:\/\/himmelsblau.org\/\"><img loading=\"lazy\" decoding=\"async\" class=\"alignleft wp-image-1700 size-full\" src=\"https:\/\/papershoe.de\/wordpress\/wp-content\/uploads\/2020\/12\/Himmelsblau.jpg\" alt=\"\" width=\"103\" height=\"50\" \/><\/a>Bei Missi ist f\u00fcr jeden Geschmack etwas dabei. Neben zahlreichen Eintr\u00e4gen \u00fcber ihr Leben kann man sie auch durch ihre Dissertation begleiten. Dabei kommen Eintr\u00e4ge \u00fcber DIY Projekte sowie KaKAO Karten nicht zu kurz.<\/p>\n<p><a href=\"https:\/\/www.heldenhaushalt.de\/sari02\/\"><img loading=\"lazy\" decoding=\"async\" class=\"size-full wp-image-1953 alignleft\" src=\"https:\/\/papershoe.de\/wordpress\/wp-content\/uploads\/2020\/12\/Sarii.png\" alt=\"\" width=\"103\" height=\"50\" \/><\/a>Bei Sari und ihrem Heldenhaushalt ist immer etwas los. Egal ob &#8222;Magische Woche&#8220;, DIY Projekte, Malen. Buchrezensionen oder der ganz normale Familienalltag &#8211; lustig ist es immer!<\/p>\n<p><a href=\"https:\/\/darkfairyssenf.com\/\"><img loading=\"lazy\" decoding=\"async\" class=\"alignleft size-full wp-image-1958\" src=\"https:\/\/papershoe.de\/wordpress\/wp-content\/uploads\/2020\/12\/DarkFairysSenf.png\" alt=\"\" width=\"103\" height=\"50\" \/><\/a>Marina gibt gerne ihren Senf dazu! Bei ihr findet man w\u00f6chentliche Updates mit Bildern zu ihrem Leben, Netzfundst\u00fccke, alles rund um Japan und Sonntags gibts immer neue Musik auf die Ohren, was will man mehr?!<\/p>\n<p>Seiten die ich derzeit auch noch gerne lese:<\/p>\n<p><a href=\"https:\/\/blaupause7.wordpress.com\/\"><img loading=\"lazy\" decoding=\"async\" class=\"alignleft wp-image-2085 size-full\" src=\"https:\/\/papershoe.de\/wordpress\/wp-content\/uploads\/2026\/03\/blaupause7.jpg\" alt=\"blaupause7 Button\" width=\"103\" height=\"50\" \/><\/a><a href=\"https:\/\/www.caromite.net\/\"><img loading=\"lazy\" decoding=\"async\" class=\"alignleft size-full wp-image-2088\" src=\"https:\/\/papershoe.de\/wordpress\/wp-content\/uploads\/2026\/03\/Caromite.jpg\" alt=\"\" width=\"103\" height=\"50\" \/><\/a><\/p>\n<p>&nbsp;<\/p>\n<p>&nbsp;<\/p>\n<hr \/>\n<p><a href=\"https:\/\/lilienmeer.de\/\">Lilienmeer.de<\/a><br \/>\n<a href=\"https:\/\/tatjliebt.de\/\">tatjliebt.de<\/a><\/p>\n<h1>Credits<\/h1>\n<p><strong>Host:<\/strong> <a href=\"http:\/\/www.celeros.de\/\" target=\"_blank\" rel=\"noopener\">Celeros Online<\/a><br \/>\n<strong>Bilderhost<\/strong>: Celeros \/ Papershoe \/ WordPress<\/p>\n<p><em>Fr\u00fcher habe ich sehr viel (Web-) Design betrieben. Ab und an bin ich \u00fcber super Resourcen gestolpert, die ich hier eigentlich aufgelistet hatte, weil ich auch meine Kreationen hier ausgestellt hatte. Dem ist nun nicht mehr so, aber vielleicht freut sich ja trotzdem jemand dar\u00fcber?<\/em><\/p>\n<p><strong>Sonstiges:<\/strong> (Brushes, ([Icon-]Texturen), Pattern, Schriftarten, Fotos, Bilder, Inspirationen, &#8230; )<\/p>\n<p><i>Deviantart-Accounts<\/i><br \/>\n<a href=\"http:\/\/mcbadshoes.deviantart.com\/\">mcbadshoes<\/a> (Watercolor Brushes)<br \/>\n<a href=\"http:\/\/in-vogue.deviantart.com\/\" target=\"_blank\" rel=\"noopener\">in-vogue<\/a> (Brushes)<br \/>\n<a href=\"http:\/\/spiritcoda.deviantart.com\/\" target=\"_blank\" rel=\"noopener\">spiritcoda<\/a> (Texturen \/ Brushes) <i>empfohlen<\/i><br \/>\n<a href=\"http:\/\/bombay101.deviantart.com\/\" target=\"_blank\" rel=\"noopener\">bombay101<\/a> (Brushes \/ Texturen)<br \/>\n<a href=\"http:\/\/sibelle.deviantart.com\/\" target=\"_blank\" rel=\"noopener\">sibelle<\/a> (Icon Bases \/ Pattern \/ Brushes \/ Texturen \/ Gradients)<br \/>\n<a href=\"http:\/\/darkicedphoenix.deviantart.com\/\" target=\"_blank\" rel=\"noopener\">darkicedphoenix<\/a> (Icon Base \/ Gradients \/ Pattern )<br \/>\n<a href=\"http:\/\/goodxriddance.deviantart.com\/\" target=\"_blank\" rel=\"noopener\">goodxriddance<\/a> (Brushes \/ Texturen)<br \/>\n<a href=\"http:\/\/crazykira-resources.deviantart.com\/\" target=\"_blank\" rel=\"noopener\">crazykira-resources<\/a> (Pattern, Texturen \/ PS Aktionen \/ Tutorials) <i>empfohlen<\/i><br \/>\n<a href=\"http:\/\/candycrack.deviantart.com\/\" target=\"_blank\" rel=\"noopener\">candycrack<\/a> (Texturen)<br \/>\n<a href=\"http:\/\/daughterofsnape.deviantart.com\/\" target=\"_blank\" rel=\"noopener\">daughterofsnape<\/a> (Brushes)<br \/>\n<a href=\"http:\/\/n0stalgic.deviantart.com\/\" target=\"_blank\" rel=\"noopener\">n0stalgic<\/a> (Texturen)<br \/>\n<a href=\"http:\/\/thetragictruth-of-me.deviantart.com\/\" target=\"_blank\" rel=\"noopener\">thetragictruth-of-me<\/a> (Tutorial \/ <a href=\"http:\/\/thetragictruth-of-me.deviantart.com\/art\/Photo-Editing-Tutorial-85455638\">Hier<\/a>)<br \/>\n<a href=\"http:\/\/anodyne-stock.deviantart.com\/\" target=\"_blank\" rel=\"noopener\">anodyne-stock<\/a> (Brushes)<br \/>\n<a href=\"http:\/\/david-plus-1.deviantart.com\/\" target=\"_blank\" rel=\"noopener\">david-plus-1<\/a> (Inspiration)<br \/>\n<a href=\"http:\/\/shizuru117.deviantart.com\/\" target=\"_blank\" rel=\"noopener\">shizuru117<\/a> (PS Aktionen)<br \/>\n<a href=\"http:\/\/s3vendays.deviantart.com\/\" target=\"_blank\" rel=\"noopener\">s3vendays<\/a> (Brushes \/ Inspiration)<br \/>\n<a href=\"http:\/\/princess-rxy.deviantart.com\/\" target=\"_blank\" rel=\"noopener\">princess-rxy<\/a> (Brushes \/ Gradients)<br \/>\n<a href=\"http:\/\/d-three-stock.deviantart.com\/\" target=\"_blank\" rel=\"noopener\">d-three-stock<\/a> (Brushes \/ Texturen)<br \/>\n<a href=\"http:\/\/photoshop-tutorials.deviantart.com\/\" target=\"_blank\" rel=\"noopener\">photoshop-tutorials<\/a> (Tutorials) <em>empfohlen <\/em><br \/>\n<a href=\"http:\/\/lup-stock.deviantart.com\/\" target=\"_blank\" rel=\"noopener\">lup-stock<\/a> (Tutorials \/ Texturen)<br \/>\n<a href=\"http:\/\/irondoomdesign.deviantart.com\/\" target=\"_blank\" rel=\"noopener\">irondoomdesign<\/a> (Bilder f\u00fcr Texturen \/ Inspiration)<\/p>\n<p><span style=\"border-radius: 2px; text-indent: 20px; width: auto; padding: 0px 4px 0px 0px; text-align: center; font: bold 11px\/20px 'Helvetica Neue',Helvetica,sans-serif; color: #ffffff; background: #bd081c no-repeat scroll 3px 50% \/ 14px 14px; position: absolute; opacity: 1; z-index: 8675309; display: none; cursor: pointer;\">Merken<\/span><\/p>\n<p><span style=\"border-radius: 2px; text-indent: 20px; width: auto; padding: 0px 4px 0px 0px; text-align: center; font: bold 11px\/20px 'Helvetica Neue',Helvetica,sans-serif; color: #ffffff; background: #bd081c  no-repeat scroll 3px 50% \/ 14px 14px; position: absolute; opacity: 1; z-index: 8675309; display: none; cursor: pointer;\">Merken<\/span><\/p>\n","protected":false},"excerpt":{"rendered":"<p>Lieblinge: Lara l\u00e4sst uns auf vielleichtaberdoch an ihrem Leben teilhaben und stellt nebenbei sch\u00f6ne DIY Projekte vor. Au\u00dferdem gibts bei ihr auch viel \u00fcber Literatur zu lesen. Bald kommen auch Interviews mit kreativen K\u00f6pfen dazu. Spannend! Bei Missi ist f\u00fcr jeden Geschmack etwas dabei. Neben zahlreichen Eintr\u00e4gen \u00fcber ihr Leben kann man sie auch durch &hellip; <a href=\"https:\/\/papershoe.de\/?page_id=83\" class=\"more-link\"><span class=\"screen-reader-text\">\u201eLinks \/ Credits\u201c <\/span>weiterlesen<\/a><\/p>\n","protected":false},"author":1,"featured_media":0,"parent":0,"menu_order":4,"comment_status":"open","ping_status":"open","template":"","meta":{"footnotes":""},"class_list":["post-83","page","type-page","status-publish","hentry"],"_links":{"self":[{"href":"https:\/\/papershoe.de\/index.php?rest_route=\/wp\/v2\/pages\/83","targetHints":{"allow":["GET"]}}],"collection":[{"href":"https:\/\/papershoe.de\/index.php?rest_route=\/wp\/v2\/pages"}],"about":[{"href":"https:\/\/papershoe.de\/index.php?rest_route=\/wp\/v2\/types\/page"}],"author":[{"embeddable":true,"href":"https:\/\/papershoe.de\/index.php?rest_route=\/wp\/v2\/users\/1"}],"replies":[{"embeddable":true,"href":"https:\/\/papershoe.de\/index.php?rest_route=%2Fwp%2Fv2%2Fcomments&post=83"}],"version-history":[{"count":22,"href":"https:\/\/papershoe.de\/index.php?rest_route=\/wp\/v2\/pages\/83\/revisions"}],"predecessor-version":[{"id":2094,"href":"https:\/\/papershoe.de\/index.php?rest_route=\/wp\/v2\/pages\/83\/revisions\/2094"}],"wp:attachment":[{"href":"https:\/\/papershoe.de\/index.php?rest_route=%2Fwp%2Fv2%2Fmedia&parent=83"}],"curies":[{"name":"wp","href":"https:\/\/api.w.org\/{rel}","templated":true}]}}